{"id":214,"date":"2026-01-29T10:14:52","date_gmt":"2026-01-29T10:14:52","guid":{"rendered":"https:\/\/isuccess.niarztest.com\/?page_id=214"},"modified":"2026-04-29T17:32:22","modified_gmt":"2026-04-29T17:32:22","slug":"blog","status":"publish","type":"page","link":"https:\/\/isuccess.hu\/index.php\/blog\/","title":{"rendered":"Blog"},"content":{"rendered":"\t\t<div data-elementor-type=\"wp-page\" data-elementor-id=\"214\" class=\"elementor elementor-214\" data-elementor-post-type=\"page\">\n\t\t\t\t<div class=\"elementor-element elementor-element-1a053a3 e-flex e-con-boxed e-con e-parent\" data-id=\"1a053a3\" data-element_type=\"container\" data-settings=\"{&quot;background_background&quot;:&quot;classic&quot;}\">\n\t\t\t\t\t<div class=\"e-con-inner\">\n\t\t\t\t<div class=\"elementor-element elementor-element-d1bedfd elementor-widget elementor-widget-spacer\" data-id=\"d1bedfd\" data-element_type=\"widget\" data-widget_type=\"spacer.default\">\n\t\t\t\t\t\t\t<div class=\"elementor-spacer\">\n\t\t\t<div class=\"elementor-spacer-inner\"><\/div>\n\t\t<\/div>\n\t\t\t\t\t\t<\/div>\n\t\t\t\t<div class=\"elementor-element elementor-element-6811f8f elementor-widget elementor-widget-heading\" data-id=\"6811f8f\" data-element_type=\"widget\" data-widget_type=\"heading.default\">\n\t\t\t\t\t<h2 class=\"elementor-heading-title elementor-size-default\">Blog<\/h2>\t\t\t\t<\/div>\n\t\t\t\t<div class=\"elementor-element elementor-element-1a0d0aa elementor-widget elementor-widget-spacer\" data-id=\"1a0d0aa\" data-element_type=\"widget\" data-widget_type=\"spacer.default\">\n\t\t\t\t\t\t\t<div class=\"elementor-spacer\">\n\t\t\t<div class=\"elementor-spacer-inner\"><\/div>\n\t\t<\/div>\n\t\t\t\t\t\t<\/div>\n\t\t\t\t\t<\/div>\n\t\t\t\t<\/div>\n\t\t<div class=\"elementor-element elementor-element-c4a465c e-flex e-con-boxed e-con e-parent\" data-id=\"c4a465c\" data-element_type=\"container\">\n\t\t\t\t\t<div class=\"e-con-inner\">\n\t\t\t\t<div class=\"elementor-element elementor-element-c12cd78 elementor-widget elementor-widget-spacer\" data-id=\"c12cd78\" data-element_type=\"widget\" data-widget_type=\"spacer.default\">\n\t\t\t\t\t\t\t<div class=\"elementor-spacer\">\n\t\t\t<div class=\"elementor-spacer-inner\"><\/div>\n\t\t<\/div>\n\t\t\t\t\t\t<\/div>\n\t\t\t\t<div class=\"elementor-element elementor-element-02951df elementor-widget elementor-widget-heading\" data-id=\"02951df\" data-element_type=\"widget\" data-widget_type=\"heading.default\">\n\t\t\t\t\t<h2 class=\"elementor-heading-title elementor-size-default\">K\u00f6nyvel\u00e9si tippek 60 m\u00e1sodpercben<\/h2>\t\t\t\t<\/div>\n\t\t\t\t<div class=\"elementor-element elementor-element-fc52089 elementor-widget-divider--view-line elementor-widget elementor-widget-divider\" data-id=\"fc52089\" data-element_type=\"widget\" data-widget_type=\"divider.default\">\n\t\t\t\t\t\t\t<div class=\"elementor-divider\">\n\t\t\t<span class=\"elementor-divider-separator\">\n\t\t\t\t\t\t<\/span>\n\t\t<\/div>\n\t\t\t\t\t\t<\/div>\n\t\t\t\t\t<\/div>\n\t\t\t\t<\/div>\n\t\t<div class=\"elementor-element elementor-element-7b174b5 e-flex e-con-boxed e-con e-parent\" data-id=\"7b174b5\" data-element_type=\"container\">\n\t\t\t\t\t<div class=\"e-con-inner\">\n\t\t\t\t<div class=\"elementor-element elementor-element-c5d6edb elementor-widget elementor-widget-text-editor\" data-id=\"c5d6edb\" data-element_type=\"widget\" data-widget_type=\"text-editor.default\">\n\t\t\t\t\t\t\t\t\t<p class=\"ds-markdown-paragraph\"><strong>Nincs id\u0151 hossz\u00fa szakmai cikkeket olvasni? Szeretn\u00e9l gyorsan, vizu\u00e1lisan meg\u00e9rteni egy-egy k\u00f6nyvel\u00e9si fogalmat vagy ad\u00f3z\u00e1si hat\u00e1rid\u0151t?<\/strong><\/p><p class=\"ds-markdown-paragraph\">Ez a blogbejegyz\u00e9s kifejezetten neked k\u00e9sz\u00fclt. Al\u00e1bb \u00f6sszegy\u0171jt\u00f6tt\u00fck a legfontosabb YouTube Short-jainkat, amelyekben egy-egy k\u00f6nyvel\u00e9si tr\u00fckk\u00f6t, t\u00f6rv\u00e9nyv\u00e1ltoz\u00e1st vagy gyakorlati tan\u00e1csot mutatunk be 60 m\u00e1sodperc alatt.<\/p>\t\t\t\t\t\t\t\t<\/div>\n\t\t\t\t<div class=\"elementor-element elementor-element-6bef83b elementor-widget elementor-widget-spacer\" data-id=\"6bef83b\" data-element_type=\"widget\" data-widget_type=\"spacer.default\">\n\t\t\t\t\t\t\t<div class=\"elementor-spacer\">\n\t\t\t<div class=\"elementor-spacer-inner\"><\/div>\n\t\t<\/div>\n\t\t\t\t\t\t<\/div>\n\t\t\t\t\t<\/div>\n\t\t\t\t<\/div>\n\t\t<div class=\"elementor-element elementor-element-79eaafb e-flex e-con-boxed e-con e-parent\" data-id=\"79eaafb\" data-element_type=\"container\" data-settings=\"{&quot;background_background&quot;:&quot;classic&quot;}\">\n\t\t\t\t\t<div class=\"e-con-inner\">\n\t\t<div class=\"elementor-element elementor-element-b5a34da e-con-full e-flex e-con e-child\" data-id=\"b5a34da\" data-element_type=\"container\">\n\t\t\t\t<div class=\"elementor-element elementor-element-3cf8505 elementor-widget elementor-widget-video\" data-id=\"3cf8505\" data-element_type=\"widget\" data-settings=\"{&quot;youtube_url&quot;:&quot;https:\\\/\\\/youtube.com\\\/shorts\\\/Z6JU3Xbrojw?si=uC3YtahNqPbRggZy&quot;,&quot;video_type&quot;:&quot;youtube&quot;,&quot;controls&quot;:&quot;yes&quot;}\" data-widget_type=\"video.default\">\n\t\t\t\t\t\t\t<div class=\"elementor-wrapper elementor-open-inline\">\n\t\t\t<div class=\"elementor-video\"><\/div>\t\t<\/div>\n\t\t\t\t\t\t<\/div>\n\t\t\t\t<div class=\"elementor-element elementor-element-d12c083 elementor-align-center elementor-widget elementor-widget-button\" data-id=\"d12c083\" data-element_type=\"widget\" data-widget_type=\"button.default\">\n\t\t\t\t\t\t\t\t\t\t<a class=\"elementor-button elementor-button-link elementor-size-sm\" href=\"https:\/\/www.youtube.com\/@isuccess_inez\">\n\t\t\t\t\t\t<span class=\"elementor-button-content-wrapper\">\n\t\t\t\t\t\t\t\t\t<span class=\"elementor-button-text\">Tov\u00e1bbi inform\u00e1ci\u00f3k<\/span>\n\t\t\t\t\t<\/span>\n\t\t\t\t\t<\/a>\n\t\t\t\t\t\t\t\t<\/div>\n\t\t\t\t<div class=\"elementor-element elementor-element-213a139 elementor-widget elementor-widget-spacer\" data-id=\"213a139\" data-element_type=\"widget\" data-widget_type=\"spacer.default\">\n\t\t\t\t\t\t\t<div class=\"elementor-spacer\">\n\t\t\t<div class=\"elementor-spacer-inner\"><\/div>\n\t\t<\/div>\n\t\t\t\t\t\t<\/div>\n\t\t\t\t<\/div>\n\t\t<div class=\"elementor-element elementor-element-9c8a2c3 e-con-full e-flex e-con e-child\" data-id=\"9c8a2c3\" data-element_type=\"container\">\n\t\t\t\t<div class=\"elementor-element elementor-element-a5b6335 elementor-widget elementor-widget-video\" data-id=\"a5b6335\" data-element_type=\"widget\" data-settings=\"{&quot;youtube_url&quot;:&quot;https:\\\/\\\/youtube.com\\\/shorts\\\/IAD0n-DyepU?si=xG9uREZhvjghRKb0&quot;,&quot;video_type&quot;:&quot;youtube&quot;,&quot;controls&quot;:&quot;yes&quot;}\" data-widget_type=\"video.default\">\n\t\t\t\t\t\t\t<div class=\"elementor-wrapper elementor-open-inline\">\n\t\t\t<div class=\"elementor-video\"><\/div>\t\t<\/div>\n\t\t\t\t\t\t<\/div>\n\t\t\t\t<div class=\"elementor-element elementor-element-426f9c8 elementor-align-center elementor-widget elementor-widget-button\" data-id=\"426f9c8\" data-element_type=\"widget\" data-widget_type=\"button.default\">\n\t\t\t\t\t\t\t\t\t\t<a class=\"elementor-button elementor-button-link elementor-size-sm\" href=\"https:\/\/www.youtube.com\/@isuccess_inez\">\n\t\t\t\t\t\t<span class=\"elementor-button-content-wrapper\">\n\t\t\t\t\t\t\t\t\t<span class=\"elementor-button-text\">Tov\u00e1bbi inform\u00e1ci\u00f3k<\/span>\n\t\t\t\t\t<\/span>\n\t\t\t\t\t<\/a>\n\t\t\t\t\t\t\t\t<\/div>\n\t\t\t\t<div class=\"elementor-element elementor-element-3930760 elementor-widget elementor-widget-spacer\" data-id=\"3930760\" data-element_type=\"widget\" data-widget_type=\"spacer.default\">\n\t\t\t\t\t\t\t<div class=\"elementor-spacer\">\n\t\t\t<div class=\"elementor-spacer-inner\"><\/div>\n\t\t<\/div>\n\t\t\t\t\t\t<\/div>\n\t\t\t\t<\/div>\n\t\t<div class=\"elementor-element elementor-element-b799e3e e-con-full e-flex e-con e-child\" data-id=\"b799e3e\" data-element_type=\"container\">\n\t\t\t\t<div class=\"elementor-element elementor-element-4c7f85a elementor-widget elementor-widget-video\" data-id=\"4c7f85a\" data-element_type=\"widget\" data-settings=\"{&quot;youtube_url&quot;:&quot;https:\\\/\\\/youtube.com\\\/shorts\\\/lSPunuagOi8?si=ZODAx2dvPRfw9YeD&quot;,&quot;video_type&quot;:&quot;youtube&quot;,&quot;controls&quot;:&quot;yes&quot;}\" data-widget_type=\"video.default\">\n\t\t\t\t\t\t\t<div class=\"elementor-wrapper elementor-open-inline\">\n\t\t\t<div class=\"elementor-video\"><\/div>\t\t<\/div>\n\t\t\t\t\t\t<\/div>\n\t\t\t\t<div class=\"elementor-element elementor-element-06bbc37 elementor-align-center elementor-widget elementor-widget-button\" data-id=\"06bbc37\" data-element_type=\"widget\" data-widget_type=\"button.default\">\n\t\t\t\t\t\t\t\t\t\t<a class=\"elementor-button elementor-button-link elementor-size-sm\" href=\"https:\/\/www.youtube.com\/@isuccess_inez\">\n\t\t\t\t\t\t<span class=\"elementor-button-content-wrapper\">\n\t\t\t\t\t\t\t\t\t<span class=\"elementor-button-text\">Tov\u00e1bbi inform\u00e1ci\u00f3k<\/span>\n\t\t\t\t\t<\/span>\n\t\t\t\t\t<\/a>\n\t\t\t\t\t\t\t\t<\/div>\n\t\t\t\t<div class=\"elementor-element elementor-element-1d57d14 elementor-widget elementor-widget-spacer\" data-id=\"1d57d14\" data-element_type=\"widget\" data-widget_type=\"spacer.default\">\n\t\t\t\t\t\t\t<div class=\"elementor-spacer\">\n\t\t\t<div class=\"elementor-spacer-inner\"><\/div>\n\t\t<\/div>\n\t\t\t\t\t\t<\/div>\n\t\t\t\t<\/div>\n\t\t<div class=\"elementor-element elementor-element-b89326c e-con-full e-flex e-con e-child\" data-id=\"b89326c\" data-element_type=\"container\">\n\t\t\t\t<div class=\"elementor-element elementor-element-4ccd8ee elementor-widget elementor-widget-video\" data-id=\"4ccd8ee\" data-element_type=\"widget\" data-settings=\"{&quot;youtube_url&quot;:&quot;https:\\\/\\\/youtube.com\\\/shorts\\\/04ULRa_wOh0?si=saONdriPwf8fQqdt&quot;,&quot;video_type&quot;:&quot;youtube&quot;,&quot;controls&quot;:&quot;yes&quot;}\" data-widget_type=\"video.default\">\n\t\t\t\t\t\t\t<div class=\"elementor-wrapper elementor-open-inline\">\n\t\t\t<div class=\"elementor-video\"><\/div>\t\t<\/div>\n\t\t\t\t\t\t<\/div>\n\t\t\t\t<div class=\"elementor-element elementor-element-8745f2c elementor-align-center elementor-widget elementor-widget-button\" data-id=\"8745f2c\" data-element_type=\"widget\" data-widget_type=\"button.default\">\n\t\t\t\t\t\t\t\t\t\t<a class=\"elementor-button elementor-button-link elementor-size-sm\" href=\"https:\/\/www.youtube.com\/@isuccess_inez\">\n\t\t\t\t\t\t<span class=\"elementor-button-content-wrapper\">\n\t\t\t\t\t\t\t\t\t<span class=\"elementor-button-text\">Tov\u00e1bbi inform\u00e1ci\u00f3k<\/span>\n\t\t\t\t\t<\/span>\n\t\t\t\t\t<\/a>\n\t\t\t\t\t\t\t\t<\/div>\n\t\t\t\t<div class=\"elementor-element elementor-element-70292b4 elementor-widget elementor-widget-spacer\" data-id=\"70292b4\" data-element_type=\"widget\" data-widget_type=\"spacer.default\">\n\t\t\t\t\t\t\t<div class=\"elementor-spacer\">\n\t\t\t<div class=\"elementor-spacer-inner\"><\/div>\n\t\t<\/div>\n\t\t\t\t\t\t<\/div>\n\t\t\t\t<\/div>\n\t\t<div class=\"elementor-element elementor-element-e5bc726 e-con-full e-flex e-con e-child\" data-id=\"e5bc726\" data-element_type=\"container\">\n\t\t\t\t<div class=\"elementor-element elementor-element-2856f86 elementor-widget elementor-widget-video\" data-id=\"2856f86\" data-element_type=\"widget\" data-settings=\"{&quot;youtube_url&quot;:&quot;https:\\\/\\\/youtube.com\\\/shorts\\\/NNx5b_VL9Jw?si=d0KRddSaMgdUcXIF&quot;,&quot;video_type&quot;:&quot;youtube&quot;,&quot;controls&quot;:&quot;yes&quot;}\" data-widget_type=\"video.default\">\n\t\t\t\t\t\t\t<div class=\"elementor-wrapper elementor-open-inline\">\n\t\t\t<div class=\"elementor-video\"><\/div>\t\t<\/div>\n\t\t\t\t\t\t<\/div>\n\t\t\t\t<div class=\"elementor-element elementor-element-ae1c72c elementor-align-center elementor-widget elementor-widget-button\" data-id=\"ae1c72c\" data-element_type=\"widget\" data-widget_type=\"button.default\">\n\t\t\t\t\t\t\t\t\t\t<a class=\"elementor-button elementor-button-link elementor-size-sm\" href=\"https:\/\/www.youtube.com\/@isuccess_inez\">\n\t\t\t\t\t\t<span class=\"elementor-button-content-wrapper\">\n\t\t\t\t\t\t\t\t\t<span class=\"elementor-button-text\">Tov\u00e1bbi inform\u00e1ci\u00f3k<\/span>\n\t\t\t\t\t<\/span>\n\t\t\t\t\t<\/a>\n\t\t\t\t\t\t\t\t<\/div>\n\t\t\t\t<div class=\"elementor-element elementor-element-553de75 elementor-widget elementor-widget-spacer\" data-id=\"553de75\" data-element_type=\"widget\" data-widget_type=\"spacer.default\">\n\t\t\t\t\t\t\t<div class=\"elementor-spacer\">\n\t\t\t<div class=\"elementor-spacer-inner\"><\/div>\n\t\t<\/div>\n\t\t\t\t\t\t<\/div>\n\t\t\t\t<\/div>\n\t\t<div class=\"elementor-element elementor-element-1e5dadc e-con-full e-flex e-con e-child\" data-id=\"1e5dadc\" data-element_type=\"container\">\n\t\t\t\t<div class=\"elementor-element elementor-element-225ed35 elementor-widget elementor-widget-video\" data-id=\"225ed35\" data-element_type=\"widget\" data-settings=\"{&quot;youtube_url&quot;:&quot;https:\\\/\\\/youtube.com\\\/shorts\\\/qAYl5y77vzI?si=_hx11knZlZ2M07TY&quot;,&quot;video_type&quot;:&quot;youtube&quot;,&quot;controls&quot;:&quot;yes&quot;}\" data-widget_type=\"video.default\">\n\t\t\t\t\t\t\t<div class=\"elementor-wrapper elementor-open-inline\">\n\t\t\t<div class=\"elementor-video\"><\/div>\t\t<\/div>\n\t\t\t\t\t\t<\/div>\n\t\t\t\t<div class=\"elementor-element elementor-element-d0bc571 elementor-align-center elementor-widget elementor-widget-button\" data-id=\"d0bc571\" data-element_type=\"widget\" data-widget_type=\"button.default\">\n\t\t\t\t\t\t\t\t\t\t<a class=\"elementor-button elementor-button-link elementor-size-sm\" href=\"https:\/\/www.youtube.com\/@isuccess_inez\">\n\t\t\t\t\t\t<span class=\"elementor-button-content-wrapper\">\n\t\t\t\t\t\t\t\t\t<span class=\"elementor-button-text\">Tov\u00e1bbi inform\u00e1ci\u00f3k<\/span>\n\t\t\t\t\t<\/span>\n\t\t\t\t\t<\/a>\n\t\t\t\t\t\t\t\t<\/div>\n\t\t\t\t<div class=\"elementor-element elementor-element-e680f0a elementor-widget elementor-widget-spacer\" data-id=\"e680f0a\" data-element_type=\"widget\" data-widget_type=\"spacer.default\">\n\t\t\t\t\t\t\t<div class=\"elementor-spacer\">\n\t\t\t<div class=\"elementor-spacer-inner\"><\/div>\n\t\t<\/div>\n\t\t\t\t\t\t<\/div>\n\t\t\t\t<\/div>\n\t\t\t\t\t<\/div>\n\t\t\t\t<\/div>\n\t\t<div class=\"elementor-element elementor-element-252781d e-flex e-con-boxed e-con e-parent\" data-id=\"252781d\" data-element_type=\"container\">\n\t\t\t\t\t<div class=\"e-con-inner\">\n\t\t\t\t<div class=\"elementor-element elementor-element-907e7ae elementor-align-center elementor-widget elementor-widget-button\" data-id=\"907e7ae\" data-element_type=\"widget\" data-widget_type=\"button.default\">\n\t\t\t\t\t\t\t\t\t\t<a class=\"elementor-button elementor-button-link elementor-size-sm\" href=\"https:\/\/isuccess.hu\/index.php\/kapcsolat\/\">\n\t\t\t\t\t\t<span class=\"elementor-button-content-wrapper\">\n\t\t\t\t\t\t\t\t\t<span class=\"elementor-button-text\">Besz\u00e9lgess\u00fcnk a v\u00e1llalkoz\u00e1s\u00e1r\u00f3l<\/span>\n\t\t\t\t\t<\/span>\n\t\t\t\t\t<\/a>\n\t\t\t\t\t\t\t\t<\/div>\n\t\t\t\t\t<\/div>\n\t\t\t\t<\/div>\n\t\t\t\t<\/div>\n\t\t","protected":false},"excerpt":{"rendered":"<p>Blog K\u00f6nyvel\u00e9si tippek 60 m\u00e1sodpercben Nincs id\u0151 hossz\u00fa szakmai cikkeket olvasni? Szeretn\u00e9l gyorsan, vizu\u00e1lisan meg\u00e9rteni egy-egy k\u00f6nyvel\u00e9si fogalmat vagy ad\u00f3z\u00e1si hat\u00e1rid\u0151t? Ez a blogbejegyz\u00e9s kifejezetten neked k\u00e9sz\u00fclt. Al\u00e1bb \u00f6sszegy\u0171jt\u00f6tt\u00fck a legfontosabb YouTube Short-jainkat, amelyekben egy-egy k\u00f6nyvel\u00e9si tr\u00fckk\u00f6t, t\u00f6rv\u00e9nyv\u00e1ltoz\u00e1st vagy gyakorlati tan\u00e1csot mutatunk be 60 m\u00e1sodperc alatt. https:\/\/youtube.com\/shorts\/Z6JU3Xbrojw?si=uC3YtahNqPbRggZy Tov\u00e1bbi inform\u00e1ci\u00f3k https:\/\/youtube.com\/shorts\/IAD0n-DyepU?si=xG9uREZhvjghRKb0 Tov\u00e1bbi inform\u00e1ci\u00f3k https:\/\/youtube.com\/shorts\/lSPunuagOi8?si=ZODAx2dvPRfw9YeD Tov\u00e1bbi inform\u00e1ci\u00f3k&hellip; <a class=\"more-link\" href=\"https:\/\/isuccess.hu\/index.php\/blog\/\"><span class=\"screen-reader-text\">Blog<\/span> olvas\u00e1s\u00e1nak folytat\u00e1sa<\/a><\/p>\n","protected":false},"author":1,"featured_media":0,"parent":0,"menu_order":0,"comment_status":"closed","ping_status":"closed","template":"elementor_canvas","meta":{"footnotes":""},"class_list":["post-214","page","type-page","status-publish","hentry","entry"],"_links":{"self":[{"href":"https:\/\/isuccess.hu\/index.php\/wp-json\/wp\/v2\/pages\/214","targetHints":{"allow":["GET"]}}],"collection":[{"href":"https:\/\/isuccess.hu\/index.php\/wp-json\/wp\/v2\/pages"}],"about":[{"href":"https:\/\/isuccess.hu\/index.php\/wp-json\/wp\/v2\/types\/page"}],"author":[{"embeddable":true,"href":"https:\/\/isuccess.hu\/index.php\/wp-json\/wp\/v2\/users\/1"}],"replies":[{"embeddable":true,"href":"https:\/\/isuccess.hu\/index.php\/wp-json\/wp\/v2\/comments?post=214"}],"version-history":[{"count":25,"href":"https:\/\/isuccess.hu\/index.php\/wp-json\/wp\/v2\/pages\/214\/revisions"}],"predecessor-version":[{"id":1206,"href":"https:\/\/isuccess.hu\/index.php\/wp-json\/wp\/v2\/pages\/214\/revisions\/1206"}],"wp:attachment":[{"href":"https:\/\/isuccess.hu\/index.php\/wp-json\/wp\/v2\/media?parent=214"}],"curies":[{"name":"wp","href":"https:\/\/api.w.org\/{rel}","templated":true}]}}